{"id":9906,"date":"2025-03-27T06:33:59","date_gmt":"2025-03-27T06:33:59","guid":{"rendered":"https:\/\/demo.awaikenthemes.com\/healix\/?page_id=9906"},"modified":"2026-03-07T21:59:31","modified_gmt":"2026-03-07T20:59:31","slug":"bozka","status":"publish","type":"page","link":"https:\/\/comphy.sk\/en\/nas-tim\/bozka\/","title":{"rendered":"Bozena Ram\u0161\u00edkov\u00e1"},"content":{"rendered":"<div data-elementor-type=\"wp-page\" data-elementor-id=\"9906\" class=\"elementor elementor-9906\" data-elementor-post-type=\"page\">\n\t\t\t\t<div class=\"elementor-element elementor-element-e309304 e-flex e-con-boxed e-con e-parent\" data-id=\"e309304\" data-element_type=\"container\" data-e-type=\"container\">\n\t\t\t\t\t<div class=\"e-con-inner\">\n\t\t<div class=\"elementor-element elementor-element-650a8ca e-con-full e-flex e-con e-child\" data-id=\"650a8ca\" data-element_type=\"container\" data-e-type=\"container\">\n\t\t<div class=\"elementor-element elementor-element-0503a10 e-con-full sticky-column e-flex e-con e-child\" data-id=\"0503a10\" data-element_type=\"container\" data-e-type=\"container\">\n\t\t<div class=\"elementor-element elementor-element-b93ad9d e-con-full e-flex e-con e-child\" data-id=\"b93ad9d\" data-element_type=\"container\" data-e-type=\"container\" data-settings=\"{&quot;background_background&quot;:&quot;classic&quot;,&quot;animation&quot;:&quot;none&quot;}\">\n\t\t\t\t<div class=\"elementor-element elementor-element-36bed2f at-shiny-glass-effect team-sidebar-image at-image-animation at-animation-image-none elementor-widget elementor-widget-image\" data-id=\"36bed2f\" data-element_type=\"widget\" data-e-type=\"widget\" data-settings=\"{&quot;ekit_we_effect_on&quot;:&quot;none&quot;}\" data-widget_type=\"image.default\">\n\t\t\t\t\t\t\t\t\t\t\t\t\t\t\t<img fetchpriority=\"high\" decoding=\"async\" width=\"600\" height=\"600\" src=\"https:\/\/comphy.sk\/wp-content\/uploads\/2026\/03\/depositphotos_133351974-stock-illustration-default-placeholder-woman.webp\" class=\"attachment-full size-full wp-image-11150\" alt=\"\" srcset=\"https:\/\/comphy.sk\/wp-content\/uploads\/2026\/03\/depositphotos_133351974-stock-illustration-default-placeholder-woman.webp 600w, https:\/\/comphy.sk\/wp-content\/uploads\/2026\/03\/depositphotos_133351974-stock-illustration-default-placeholder-woman-300x300.webp 300w, https:\/\/comphy.sk\/wp-content\/uploads\/2026\/03\/depositphotos_133351974-stock-illustration-default-placeholder-woman-150x150.webp 150w\" sizes=\"(max-width: 600px) 100vw, 600px\" \/>\t\t\t\t\t\t\t\t\t\t\t\t\t\t\t<\/div>\n\t\t\t\t<div class=\"elementor-element elementor-element-cc766e1 team-sidebar-body-content ekit-equal-height-disable elementor-widget elementor-widget-elementskit-image-box\" data-id=\"cc766e1\" data-element_type=\"widget\" data-e-type=\"widget\" data-settings=\"{&quot;ekit_we_effect_on&quot;:&quot;none&quot;}\" data-widget_type=\"elementskit-image-box.default\">\n\t\t\t\t\t<div class=\"ekit-wid-con\" >\n            <div class=\"elementskit-info-image-box ekit-image-box text-left simple-card\" >\n\n                \n                <div class=\"elementskit-box-header image-box-img-left\">\n\n                    \n                <\/div>\n                \n                <div class=\"elementskit-box-body ekit-image-box-body\">\n                    <div class=\"elementskit-box-content ekit-image-box-body-inner\">\n                                                <h3 class=\"elementskit-info-box-title\">\n\n                        Physiotherapist\n                        \n                    <\/h3>\n                                                        <\/div>\n\n                            <\/div>\n            <\/div>\n    <\/div>\t\t\t\t<\/div>\n\t\t\t\t<\/div>\n\t\t<div class=\"elementor-element elementor-element-7491208 e-con-full e-flex e-con e-child\" data-id=\"7491208\" data-element_type=\"container\" data-e-type=\"container\" data-settings=\"{&quot;background_background&quot;:&quot;classic&quot;,&quot;animation&quot;:&quot;none&quot;,&quot;animation_delay&quot;:400}\">\n\t\t\t\t<div class=\"elementor-element elementor-element-74f281e page-cta-box  elementor-widget elementor-widget-icon-box\" data-id=\"74f281e\" data-element_type=\"widget\" data-e-type=\"widget\" data-settings=\"{&quot;ekit_we_effect_on&quot;:&quot;none&quot;}\" data-widget_type=\"icon-box.default\">\n\t\t\t\t\t\t\t<div class=\"elementor-icon-box-wrapper\">\n\n\t\t\t\n\t\t\t\t\t\t<div class=\"elementor-icon-box-content\">\n\n\t\t\t\t\t\t\t\t\t<h3 class=\"elementor-icon-box-title\">\n\t\t\t\t\t\t<span  >\n\t\t\t\t\t\t\tDo you have any questions?\t\t\t\t\t\t<\/span>\n\t\t\t\t\t<\/h3>\n\t\t\t\t\n\t\t\t\t\t\t\t\t\t<p class=\"elementor-icon-box-description\">\n\t\t\t\t\t\tWrite to us\t\t\t\t\t<\/p>\n\t\t\t\t\n\t\t\t<\/div>\n\t\t\t\n\t\t<\/div>\n\t\t\t\t\t\t<\/div>\n\t\t\t\t<div class=\"elementor-element elementor-element-b8790a6 btn-highlighted elementor-widget elementor-widget-button\" data-id=\"b8790a6\" data-element_type=\"widget\" data-e-type=\"widget\" data-settings=\"{&quot;ekit_we_effect_on&quot;:&quot;none&quot;}\" data-widget_type=\"button.default\">\n\t\t\t\t\t\t\t\t\t\t<a class=\"elementor-button elementor-button-link elementor-size-sm\" href=\"https:\/\/comphy.sk#kontakt\">\n\t\t\t\t\t\t<span class=\"elementor-button-content-wrapper\">\n\t\t\t\t\t\t\t\t\t<span class=\"elementor-button-text\">Contact form<\/span>\n\t\t\t\t\t<\/span>\n\t\t\t\t\t<\/a>\n\t\t\t\t\t\t\t\t<\/div>\n\t\t\t\t<div class=\"elementor-element elementor-element-be5c870 contact-now-box ekit-equal-height-disable elementor-widget elementor-widget-elementskit-icon-box\" data-id=\"be5c870\" data-element_type=\"widget\" data-e-type=\"widget\" data-settings=\"{&quot;ekit_we_effect_on&quot;:&quot;none&quot;}\" data-widget_type=\"elementskit-icon-box.default\">\n\t\t\t\t\t<div class=\"ekit-wid-con\" >        <!-- link opening -->\n                <a href=\"tel:+421%20914%20222%20082\" class=\"ekit_global_links\">\n                <!-- end link opening -->\n\n        <div class=\"elementskit-infobox text-left text-left icon-lef-right-aligin elementor-animation- media\">\n                    <div class=\"elementskit-box-header elementor-animation-\">\n                <div class=\"elementskit-info-box-icon  text-center\">\n                    <i aria-hidden=\"true\" class=\"elementkit-infobox-icon fas fa-phone\"><\/i>\n                <\/div>\n          <\/div>\n                        <div class=\"box-body\">\n                        \t\t  \t<p>+421 914 222 082<\/p>\n                                <\/div>\n        \n        \n                <\/div>\n                <\/a>\n        <\/div>\t\t\t\t<\/div>\n\t\t\t\t<\/div>\n\t\t\t\t<\/div>\n\t\t\t\t<\/div>\n\t\t<div class=\"elementor-element elementor-element-2f6e1aa e-con-full e-flex e-con e-child\" data-id=\"2f6e1aa\" data-element_type=\"container\" data-e-type=\"container\">\n\t\t<div class=\"elementor-element elementor-element-6399925 e-con-full e-flex e-con e-child\" data-id=\"6399925\" data-element_type=\"container\" data-e-type=\"container\">\n\t\t\t\t<div class=\"elementor-element elementor-element-34616a6 elementor-widget elementor-widget-heading\" data-id=\"34616a6\" data-element_type=\"widget\" data-e-type=\"widget\" data-settings=\"{&quot;ekit_we_effect_on&quot;:&quot;none&quot;}\" data-widget_type=\"heading.default\">\n\t\t\t\t\t<h1 class=\"elementor-heading-title elementor-size-default\">Mgr. Bo\u017eena Ram\u0161\u00edkov\u00e1<\/h1>\t\t\t\t<\/div>\n\t\t\t\t<div class=\"elementor-element elementor-element-bfb2d44 elementor-widget elementor-widget-text-editor\" data-id=\"bfb2d44\" data-element_type=\"widget\" data-e-type=\"widget\" data-settings=\"{&quot;_animation&quot;:&quot;none&quot;,&quot;ekit_we_effect_on&quot;:&quot;none&quot;}\" data-widget_type=\"text-editor.default\">\n\t\t\t\t\t\t\t\t\t<p><span style=\"font-weight: 400;\">As a physiotherapist, I accompany my clients on their journey to pain-free and restriction-free movement. I believe that the body has the ability to regenerate and improve if we give it the right impetus and understand its needs.<\/span><\/p><p><span style=\"font-weight: 400;\">In my work I emphasize the active approach of the client. My goal is not only to eliminate pain, but to help you understand your own body, the causes of your difficulties and teach you how to transfer the knowledge you have gained into your everyday life. We work together so that you become an active part of the healing process and are able to help yourself as well.<\/span><\/p><p><span style=\"font-weight: 400;\">Personal experience with rehabilitation after a serious injury has shown me the importance of targeted movement and systematic training. It was thanks to them that I was able to return to the active life I was used to. This experience shapes my approach to clients today - with empathy, understanding and respect for each person's individual capabilities.<\/span><\/p><p><span style=\"font-weight: 400;\">I continually educate myself through professional courses and self-study in the field of movement, rehabilitation and health in order to offer you expert, high quality and up-to-date care.<\/span><\/p><p><span style=\"font-weight: 400;\">I look forward to working with you and taking a journey together towards healthy and functional movement.<\/span><\/p>\t\t\t\t\t\t\t\t<\/div>\n\t\t\t\t<\/div>\n\t\t\t\t<\/div>\n\t\t\t\t\t<\/div>\n\t\t\t\t<\/div>\n\t\t\t\t<\/div>","protected":false},"excerpt":{"rendered":"<p>Fyzioterapeutka M\u00e1te nejak\u00e9 ot\u00e1zky? Nap\u00ed\u0161te n\u00e1m Kontaktn\u00fd formul\u00e1r +421 914 222 082 [&hellip;]<\/p>\n","protected":false},"author":1,"featured_media":0,"parent":2197,"menu_order":0,"comment_status":"closed","ping_status":"closed","template":"elementor_header_footer","meta":{"footnotes":""},"class_list":["post-9906","page","type-page","status-publish","hentry"],"_links":{"self":[{"href":"https:\/\/comphy.sk\/en\/wp-json\/wp\/v2\/pages\/9906","targetHints":{"allow":["GET"]}}],"collection":[{"href":"https:\/\/comphy.sk\/en\/wp-json\/wp\/v2\/pages"}],"about":[{"href":"https:\/\/comphy.sk\/en\/wp-json\/wp\/v2\/types\/page"}],"author":[{"embeddable":true,"href":"https:\/\/comphy.sk\/en\/wp-json\/wp\/v2\/users\/1"}],"replies":[{"embeddable":true,"href":"https:\/\/comphy.sk\/en\/wp-json\/wp\/v2\/comments?post=9906"}],"version-history":[{"count":18,"href":"https:\/\/comphy.sk\/en\/wp-json\/wp\/v2\/pages\/9906\/revisions"}],"predecessor-version":[{"id":11364,"href":"https:\/\/comphy.sk\/en\/wp-json\/wp\/v2\/pages\/9906\/revisions\/11364"}],"up":[{"embeddable":true,"href":"https:\/\/comphy.sk\/en\/wp-json\/wp\/v2\/pages\/2197"}],"wp:attachment":[{"href":"https:\/\/comphy.sk\/en\/wp-json\/wp\/v2\/media?parent=9906"}],"curies":[{"name":"wp","href":"https:\/\/api.w.org\/{rel}","templated":true}]}}