{"id":9898,"date":"2025-03-27T06:31:27","date_gmt":"2025-03-27T06:31:27","guid":{"rendered":"https:\/\/demo.awaikenthemes.com\/healix\/?page_id=9898"},"modified":"2026-03-07T21:47:00","modified_gmt":"2026-03-07T20:47:00","slug":"andrej-tacovsky","status":"publish","type":"page","link":"https:\/\/comphy.sk\/en\/nas-tim\/andrej-tacovsky\/","title":{"rendered":"Andrej T\u00e1\u010dovsk\u00fd"},"content":{"rendered":"<div data-elementor-type=\"wp-page\" data-elementor-id=\"9898\" class=\"elementor elementor-9898\" data-elementor-post-type=\"page\">\n\t\t\t\t<div class=\"elementor-element elementor-element-19e722d e-flex e-con-boxed e-con e-parent\" data-id=\"19e722d\" data-element_type=\"container\" data-e-type=\"container\">\n\t\t\t\t\t<div class=\"e-con-inner\">\n\t\t<div class=\"elementor-element elementor-element-dedee27 e-con-full e-flex e-con e-child\" data-id=\"dedee27\" data-element_type=\"container\" data-e-type=\"container\">\n\t\t<div class=\"elementor-element elementor-element-0f489ae e-con-full sticky-column e-flex e-con e-child\" data-id=\"0f489ae\" data-element_type=\"container\" data-e-type=\"container\">\n\t\t<div class=\"elementor-element elementor-element-ccf4c34 e-con-full e-flex e-con e-child\" data-id=\"ccf4c34\" data-element_type=\"container\" data-e-type=\"container\" data-settings=\"{&quot;background_background&quot;:&quot;classic&quot;,&quot;animation&quot;:&quot;none&quot;}\">\n\t\t\t\t<div class=\"elementor-element elementor-element-5f95d83 at-shiny-glass-effect team-sidebar-image at-image-animation at-animation-image-none elementor-widget elementor-widget-image\" data-id=\"5f95d83\" data-element_type=\"widget\" data-e-type=\"widget\" data-settings=\"{&quot;ekit_we_effect_on&quot;:&quot;none&quot;}\" data-widget_type=\"image.default\">\n\t\t\t\t\t\t\t\t\t\t\t\t\t\t\t<img fetchpriority=\"high\" decoding=\"async\" width=\"1707\" height=\"1903\" src=\"https:\/\/comphy.sk\/wp-content\/uploads\/2026\/03\/DSC05562-scaled-1-e1772653848918.jpg\" class=\"attachment-full size-full wp-image-10897\" alt=\"Andrej T\u00e1\u010dovsk\u00fd\" srcset=\"https:\/\/comphy.sk\/wp-content\/uploads\/2026\/03\/DSC05562-scaled-1-e1772653848918.jpg 1707w, https:\/\/comphy.sk\/wp-content\/uploads\/2026\/03\/DSC05562-scaled-1-e1772653848918-269x300.jpg 269w, https:\/\/comphy.sk\/wp-content\/uploads\/2026\/03\/DSC05562-scaled-1-e1772653848918-919x1024.jpg 919w, https:\/\/comphy.sk\/wp-content\/uploads\/2026\/03\/DSC05562-scaled-1-e1772653848918-768x856.jpg 768w, https:\/\/comphy.sk\/wp-content\/uploads\/2026\/03\/DSC05562-scaled-1-e1772653848918-1378x1536.jpg 1378w\" sizes=\"(max-width: 1707px) 100vw, 1707px\" \/>\t\t\t\t\t\t\t\t\t\t\t\t\t\t\t<\/div>\n\t\t\t\t<div class=\"elementor-element elementor-element-424d429 team-sidebar-body-content ekit-equal-height-disable elementor-widget elementor-widget-elementskit-image-box\" data-id=\"424d429\" data-element_type=\"widget\" data-e-type=\"widget\" data-settings=\"{&quot;ekit_we_effect_on&quot;:&quot;none&quot;}\" data-widget_type=\"elementskit-image-box.default\">\n\t\t\t\t\t<div class=\"ekit-wid-con\" >\n            <div class=\"elementskit-info-image-box ekit-image-box text-left simple-card\" >\n\n                \n                <div class=\"elementskit-box-header image-box-img-left\">\n\n                    \n                <\/div>\n                \n                <div class=\"elementskit-box-body ekit-image-box-body\">\n                    <div class=\"elementskit-box-content ekit-image-box-body-inner\">\n                                                <h3 class=\"elementskit-info-box-title\">\n\n                        Physiotherapist\n                        \n                    <\/h3>\n                                                        <\/div>\n\n                            <\/div>\n            <\/div>\n    <\/div>\t\t\t\t<\/div>\n\t\t\t\t<\/div>\n\t\t<div class=\"elementor-element elementor-element-4ac2c06 e-con-full e-flex e-con e-child\" data-id=\"4ac2c06\" data-element_type=\"container\" data-e-type=\"container\" data-settings=\"{&quot;background_background&quot;:&quot;classic&quot;,&quot;animation&quot;:&quot;none&quot;,&quot;animation_delay&quot;:400}\">\n\t\t\t\t<div class=\"elementor-element elementor-element-3cee188 page-cta-box  elementor-widget elementor-widget-icon-box\" data-id=\"3cee188\" data-element_type=\"widget\" data-e-type=\"widget\" data-settings=\"{&quot;ekit_we_effect_on&quot;:&quot;none&quot;}\" data-widget_type=\"icon-box.default\">\n\t\t\t\t\t\t\t<div class=\"elementor-icon-box-wrapper\">\n\n\t\t\t\n\t\t\t\t\t\t<div class=\"elementor-icon-box-content\">\n\n\t\t\t\t\t\t\t\t\t<h3 class=\"elementor-icon-box-title\">\n\t\t\t\t\t\t<span  >\n\t\t\t\t\t\t\tDo you have any questions?\t\t\t\t\t\t<\/span>\n\t\t\t\t\t<\/h3>\n\t\t\t\t\n\t\t\t\t\t\t\t\t\t<p class=\"elementor-icon-box-description\">\n\t\t\t\t\t\tWrite to us\t\t\t\t\t<\/p>\n\t\t\t\t\n\t\t\t<\/div>\n\t\t\t\n\t\t<\/div>\n\t\t\t\t\t\t<\/div>\n\t\t\t\t<div class=\"elementor-element elementor-element-73ca2fe btn-highlighted elementor-widget elementor-widget-button\" data-id=\"73ca2fe\" data-element_type=\"widget\" data-e-type=\"widget\" data-settings=\"{&quot;ekit_we_effect_on&quot;:&quot;none&quot;}\" data-widget_type=\"button.default\">\n\t\t\t\t\t\t\t\t\t\t<a class=\"elementor-button elementor-button-link elementor-size-sm\" href=\"https:\/\/comphy.sk#kontakt\">\n\t\t\t\t\t\t<span class=\"elementor-button-content-wrapper\">\n\t\t\t\t\t\t\t\t\t<span class=\"elementor-button-text\">Contact form<\/span>\n\t\t\t\t\t<\/span>\n\t\t\t\t\t<\/a>\n\t\t\t\t\t\t\t\t<\/div>\n\t\t\t\t<div class=\"elementor-element elementor-element-9c6fe54 contact-now-box ekit-equal-height-disable elementor-widget elementor-widget-elementskit-icon-box\" data-id=\"9c6fe54\" data-element_type=\"widget\" data-e-type=\"widget\" data-settings=\"{&quot;ekit_we_effect_on&quot;:&quot;none&quot;}\" data-widget_type=\"elementskit-icon-box.default\">\n\t\t\t\t\t<div class=\"ekit-wid-con\" >        <!-- link opening -->\n                <a href=\"tel:+421%20914%20222%20082\" class=\"ekit_global_links\">\n                <!-- end link opening -->\n\n        <div class=\"elementskit-infobox text-left text-left icon-lef-right-aligin elementor-animation- media\">\n                    <div class=\"elementskit-box-header elementor-animation-\">\n                <div class=\"elementskit-info-box-icon  text-center\">\n                    <i aria-hidden=\"true\" class=\"elementkit-infobox-icon fas fa-phone\"><\/i>\n                <\/div>\n          <\/div>\n                        <div class=\"box-body\">\n                        \t\t  \t<p>+421 914 222 082<\/p>\n                                <\/div>\n        \n        \n                <\/div>\n                <\/a>\n        <\/div>\t\t\t\t<\/div>\n\t\t\t\t<\/div>\n\t\t\t\t<\/div>\n\t\t\t\t<\/div>\n\t\t<div class=\"elementor-element elementor-element-74f5765 e-con-full e-flex e-con e-child\" data-id=\"74f5765\" data-element_type=\"container\" data-e-type=\"container\">\n\t\t<div class=\"elementor-element elementor-element-bf70bfc e-con-full e-flex e-con e-child\" data-id=\"bf70bfc\" data-element_type=\"container\" data-e-type=\"container\">\n\t\t\t\t<div class=\"elementor-element elementor-element-c79bab0 elementor-widget elementor-widget-heading\" data-id=\"c79bab0\" data-element_type=\"widget\" data-e-type=\"widget\" data-settings=\"{&quot;_animation&quot;:&quot;none&quot;,&quot;ekit_we_effect_on&quot;:&quot;none&quot;}\" data-widget_type=\"heading.default\">\n\t\t\t\t\t<h1 class=\"elementor-heading-title elementor-size-default\">Bc. Andrej T\u00e1\u010dovsk\u00fd<\/h1>\t\t\t\t<\/div>\n\t\t\t\t<div class=\"elementor-element elementor-element-ac3cf55 elementor-widget elementor-widget-text-editor\" data-id=\"ac3cf55\" data-element_type=\"widget\" data-e-type=\"widget\" data-settings=\"{&quot;_animation&quot;:&quot;none&quot;,&quot;ekit_we_effect_on&quot;:&quot;none&quot;}\" data-widget_type=\"text-editor.default\">\n\t\t\t\t\t\t\t\t\t<p><span style=\"font-weight: 400;\">I have been doing physiotherapy for several years in conjunction with strength training because I believe that these two worlds have a lot in common and that proper movement is the key to both health and performance.<\/span><\/p><p><span style=\"font-weight: 400;\">I approach each client individually - I tailor the exercises to their current level, abilities and goals, so that together we can achieve the best and most sustainable results in the long term.<\/span><\/p><p><span style=\"font-weight: 400;\">In my physio beginnings, I worked my way through working in a hospital where I gained valuable experience alongside furthering my education after college. I later transitioned into the private realm, where I have been helping clients get rid of pain and build a strong and functional body for several years.<\/span><\/p><p><span style=\"font-weight: 400;\">In my work, I emphasize not only short-term pain relief but also addressing the real cause of the problem.<\/span><\/p><p><span style=\"font-weight: 400;\">I am constantly educating myself in the field of physiotherapy while living the lifestyle I recommend myself.<\/span><\/p><p><span style=\"font-weight: 400;\">I consider my strengths to be patience, empathy and the ability to work equally well with athletes and non-athletes alike.<\/span><\/p>\t\t\t\t\t\t\t\t<\/div>\n\t\t\t\t<\/div>\n\t\t\t\t<\/div>\n\t\t\t\t\t<\/div>\n\t\t\t\t<\/div>\n\t\t\t\t<\/div>","protected":false},"excerpt":{"rendered":"<p>Fyzioterapeut M\u00e1te nejak\u00e9 ot\u00e1zky? Nap\u00ed\u0161te n\u00e1m Kontaktn\u00fd formul\u00e1r +421 914 222 082 [&hellip;]<\/p>\n","protected":false},"author":1,"featured_media":0,"parent":2197,"menu_order":0,"comment_status":"closed","ping_status":"closed","template":"elementor_header_footer","meta":{"footnotes":""},"class_list":["post-9898","page","type-page","status-publish","hentry"],"_links":{"self":[{"href":"https:\/\/comphy.sk\/en\/wp-json\/wp\/v2\/pages\/9898","targetHints":{"allow":["GET"]}}],"collection":[{"href":"https:\/\/comphy.sk\/en\/wp-json\/wp\/v2\/pages"}],"about":[{"href":"https:\/\/comphy.sk\/en\/wp-json\/wp\/v2\/types\/page"}],"author":[{"embeddable":true,"href":"https:\/\/comphy.sk\/en\/wp-json\/wp\/v2\/users\/1"}],"replies":[{"embeddable":true,"href":"https:\/\/comphy.sk\/en\/wp-json\/wp\/v2\/comments?post=9898"}],"version-history":[{"count":17,"href":"https:\/\/comphy.sk\/en\/wp-json\/wp\/v2\/pages\/9898\/revisions"}],"predecessor-version":[{"id":11347,"href":"https:\/\/comphy.sk\/en\/wp-json\/wp\/v2\/pages\/9898\/revisions\/11347"}],"up":[{"embeddable":true,"href":"https:\/\/comphy.sk\/en\/wp-json\/wp\/v2\/pages\/2197"}],"wp:attachment":[{"href":"https:\/\/comphy.sk\/en\/wp-json\/wp\/v2\/media?parent=9898"}],"curies":[{"name":"wp","href":"https:\/\/api.w.org\/{rel}","templated":true}]}}