{"id":4116,"date":"2025-03-18T05:21:47","date_gmt":"2025-03-18T05:21:47","guid":{"rendered":"https:\/\/demo.awaikenthemes.com\/healix\/?page_id=4116"},"modified":"2026-03-07T19:11:18","modified_gmt":"2026-03-07T18:11:18","slug":"martin-schneider","status":"publish","type":"page","link":"https:\/\/comphy.sk\/en\/nas-tim\/martin-schneider\/","title":{"rendered":"Martin Schneider"},"content":{"rendered":"<div data-elementor-type=\"wp-page\" data-elementor-id=\"4116\" class=\"elementor elementor-4116\" data-elementor-post-type=\"page\">\n\t\t\t\t<div class=\"elementor-element elementor-element-a38e32a e-flex e-con-boxed e-con e-parent\" data-id=\"a38e32a\" data-element_type=\"container\" data-e-type=\"container\">\n\t\t\t\t\t<div class=\"e-con-inner\">\n\t\t<div class=\"elementor-element elementor-element-deaea42 e-con-full e-flex e-con e-child\" data-id=\"deaea42\" data-element_type=\"container\" data-e-type=\"container\">\n\t\t<div class=\"elementor-element elementor-element-94915dd e-con-full sticky-column e-flex e-con e-child\" data-id=\"94915dd\" data-element_type=\"container\" data-e-type=\"container\">\n\t\t<div class=\"elementor-element elementor-element-42849e1 e-con-full e-flex e-con e-child\" data-id=\"42849e1\" data-element_type=\"container\" data-e-type=\"container\" data-settings=\"{&quot;background_background&quot;:&quot;classic&quot;,&quot;animation&quot;:&quot;none&quot;}\">\n\t\t\t\t<div class=\"elementor-element elementor-element-c3a5fa2 at-shiny-glass-effect team-sidebar-image at-image-animation at-animation-image-none elementor-widget elementor-widget-image\" data-id=\"c3a5fa2\" data-element_type=\"widget\" data-e-type=\"widget\" data-settings=\"{&quot;ekit_we_effect_on&quot;:&quot;none&quot;}\" data-widget_type=\"image.default\">\n\t\t\t\t\t\t\t\t\t\t\t\t\t\t\t<img fetchpriority=\"high\" decoding=\"async\" width=\"788\" height=\"998\" src=\"https:\/\/comphy.sk\/wp-content\/uploads\/2026\/03\/4-e1772896863353.webp\" class=\"attachment-full size-full wp-image-11139\" alt=\"Martin Schneider\" srcset=\"https:\/\/comphy.sk\/wp-content\/uploads\/2026\/03\/4-e1772896863353.webp 788w, https:\/\/comphy.sk\/wp-content\/uploads\/2026\/03\/4-e1772896863353-237x300.webp 237w, https:\/\/comphy.sk\/wp-content\/uploads\/2026\/03\/4-e1772896863353-768x973.webp 768w\" sizes=\"(max-width: 788px) 100vw, 788px\" \/>\t\t\t\t\t\t\t\t\t\t\t\t\t\t\t<\/div>\n\t\t\t\t<div class=\"elementor-element elementor-element-883439e team-sidebar-body-content ekit-equal-height-disable elementor-widget elementor-widget-elementskit-image-box\" data-id=\"883439e\" data-element_type=\"widget\" data-e-type=\"widget\" data-settings=\"{&quot;ekit_we_effect_on&quot;:&quot;none&quot;}\" data-widget_type=\"elementskit-image-box.default\">\n\t\t\t\t\t<div class=\"ekit-wid-con\" >\n            <div class=\"elementskit-info-image-box ekit-image-box text-left simple-card\" >\n\n                \n                <div class=\"elementskit-box-header image-box-img-left\">\n\n                    \n                <\/div>\n                \n                <div class=\"elementskit-box-body ekit-image-box-body\">\n                    <div class=\"elementskit-box-content ekit-image-box-body-inner\">\n                                                <h3 class=\"elementskit-info-box-title\">\n\n                        Founder, physiotherapist and coach\n                        \n                    <\/h3>\n                                                        <\/div>\n\n                            <\/div>\n            <\/div>\n    <\/div>\t\t\t\t<\/div>\n\t\t<div class=\"elementor-element elementor-element-cc07ed1 e-con-full e-flex e-con e-child\" data-id=\"cc07ed1\" data-element_type=\"container\" data-e-type=\"container\">\n\t\t\t\t<div class=\"elementor-element elementor-element-9adb0a2 elementor-widget elementor-widget-elementskit-social-media\" data-id=\"9adb0a2\" data-element_type=\"widget\" data-e-type=\"widget\" data-settings=\"{&quot;ekit_we_effect_on&quot;:&quot;none&quot;}\" data-widget_type=\"elementskit-social-media.default\">\n\t\t\t\t<div class=\"elementor-widget-container\">\n\t\t\t\t\t<div class=\"ekit-wid-con\" >\t\t\t <ul class=\"ekit_social_media\">\n\t\t\t\t\t\t\t\t\t\t\t\t\t\t<li class=\"elementor-repeater-item-64808e3\">\n\t\t\t\t\t    <a href=\"https:\/\/open.spotify.com\/show\/7xEjqbKu3tmtw0i6CL5289\" aria-label=\"Spotify\" class=\"spotify\" target=\"_blank\" rel=\"noopener\">\n\t\t\t\t\t\t\t\n\t\t\t\t\t\t\t<i aria-hidden=\"true\" class=\"fab fa-spotify\"><\/i>\n                                                                                                            <\/a>\n                    <\/li>\n                    \t\t\t\t\t\t\t\t\t\t\t\t\t\t<li class=\"elementor-repeater-item-4e7ce5e\">\n\t\t\t\t\t    <a href=\"https:\/\/www.youtube.com\/@SGfit_sk\" aria-label=\"LinkedIn\" class=\"youtube\" target=\"_blank\" rel=\"noopener\">\n\t\t\t\t\t\t\t\n\t\t\t\t\t\t\t<i aria-hidden=\"true\" class=\"fab fa-youtube\"><\/i>\n                                                                                                            <\/a>\n                    <\/li>\n                    \t\t\t\t\t\t\t\t\t\t\t\t\t\t<li class=\"elementor-repeater-item-dfec236\">\n\t\t\t\t\t    <a href=\"https:\/\/www.instagram.com\/fyzio_martin\/\" aria-label=\"Instagram\" class=\"instagram\" target=\"_blank\" rel=\"noopener\">\n\t\t\t\t\t\t\t\n\t\t\t\t\t\t\t<i aria-hidden=\"true\" class=\"fab fa-instagram\"><\/i>\n                                                                                                            <\/a>\n                    <\/li>\n                    \t\t\t\t\t\t\t<\/ul>\n\t\t<\/div>\t\t\t\t<\/div>\n\t\t\t\t<\/div>\n\t\t\t\t<\/div>\n\t\t\t\t<\/div>\n\t\t<div class=\"elementor-element elementor-element-eb70e9f e-con-full e-flex e-con e-child\" data-id=\"eb70e9f\" data-element_type=\"container\" data-e-type=\"container\" data-settings=\"{&quot;background_background&quot;:&quot;classic&quot;,&quot;animation&quot;:&quot;none&quot;,&quot;animation_delay&quot;:400}\">\n\t\t\t\t<div class=\"elementor-element elementor-element-4519f10 page-cta-box  elementor-widget elementor-widget-icon-box\" data-id=\"4519f10\" data-element_type=\"widget\" data-e-type=\"widget\" data-settings=\"{&quot;ekit_we_effect_on&quot;:&quot;none&quot;}\" data-widget_type=\"icon-box.default\">\n\t\t\t\t\t\t\t<div class=\"elementor-icon-box-wrapper\">\n\n\t\t\t\n\t\t\t\t\t\t<div class=\"elementor-icon-box-content\">\n\n\t\t\t\t\t\t\t\t\t<h3 class=\"elementor-icon-box-title\">\n\t\t\t\t\t\t<span  >\n\t\t\t\t\t\t\tDo you have any questions?\t\t\t\t\t\t<\/span>\n\t\t\t\t\t<\/h3>\n\t\t\t\t\n\t\t\t\t\t\t\t\t\t<p class=\"elementor-icon-box-description\">\n\t\t\t\t\t\tWrite to us\t\t\t\t\t<\/p>\n\t\t\t\t\n\t\t\t<\/div>\n\t\t\t\n\t\t<\/div>\n\t\t\t\t\t\t<\/div>\n\t\t\t\t<div class=\"elementor-element elementor-element-befc8d0 btn-highlighted elementor-widget elementor-widget-button\" data-id=\"befc8d0\" data-element_type=\"widget\" data-e-type=\"widget\" data-settings=\"{&quot;ekit_we_effect_on&quot;:&quot;none&quot;}\" data-widget_type=\"button.default\">\n\t\t\t\t\t\t\t\t\t\t<a class=\"elementor-button elementor-button-link elementor-size-sm\" href=\"https:\/\/comphy.sk#kontakt\">\n\t\t\t\t\t\t<span class=\"elementor-button-content-wrapper\">\n\t\t\t\t\t\t\t\t\t<span class=\"elementor-button-text\">Contact form<\/span>\n\t\t\t\t\t<\/span>\n\t\t\t\t\t<\/a>\n\t\t\t\t\t\t\t\t<\/div>\n\t\t\t\t<div class=\"elementor-element elementor-element-c569585 contact-now-box ekit-equal-height-disable elementor-widget elementor-widget-elementskit-icon-box\" data-id=\"c569585\" data-element_type=\"widget\" data-e-type=\"widget\" data-settings=\"{&quot;ekit_we_effect_on&quot;:&quot;none&quot;}\" data-widget_type=\"elementskit-icon-box.default\">\n\t\t\t\t\t<div class=\"ekit-wid-con\" >        <!-- link opening -->\n                <a href=\"tel:+421%20914%20222%20082\" class=\"ekit_global_links\">\n                <!-- end link opening -->\n\n        <div class=\"elementskit-infobox text-left text-left icon-lef-right-aligin elementor-animation- media\">\n                    <div class=\"elementskit-box-header elementor-animation-\">\n                <div class=\"elementskit-info-box-icon  text-center\">\n                    <i aria-hidden=\"true\" class=\"elementkit-infobox-icon fas fa-phone\"><\/i>\n                <\/div>\n          <\/div>\n                        <div class=\"box-body\">\n                        \t\t  \t<p>+421 914 222 082<\/p>\n                                <\/div>\n        \n        \n                <\/div>\n                <\/a>\n        <\/div>\t\t\t\t<\/div>\n\t\t\t\t<\/div>\n\t\t\t\t<\/div>\n\t\t\t\t<\/div>\n\t\t<div class=\"elementor-element elementor-element-7d9cb5c e-con-full e-flex e-con e-child\" data-id=\"7d9cb5c\" data-element_type=\"container\" data-e-type=\"container\">\n\t\t<div class=\"elementor-element elementor-element-4605f14 e-con-full e-flex e-con e-child\" data-id=\"4605f14\" data-element_type=\"container\" data-e-type=\"container\">\n\t\t\t\t<div class=\"elementor-element elementor-element-a51f2f3 elementor-widget elementor-widget-heading\" data-id=\"a51f2f3\" data-element_type=\"widget\" data-e-type=\"widget\" data-settings=\"{&quot;ekit_we_effect_on&quot;:&quot;none&quot;}\" data-widget_type=\"heading.default\">\n\t\t\t\t\t<h1 class=\"elementor-heading-title elementor-size-default\">Mgr. Martin Schneider<\/h1>\t\t\t\t<\/div>\n\t\t\t\t<div class=\"elementor-element elementor-element-2190798 elementor-widget elementor-widget-text-editor\" data-id=\"2190798\" data-element_type=\"widget\" data-e-type=\"widget\" data-settings=\"{&quot;_animation&quot;:&quot;none&quot;,&quot;ekit_we_effect_on&quot;:&quot;none&quot;}\" data-widget_type=\"text-editor.default\">\n\t\t\t\t\t\t\t\t\t<p><span style=\"font-weight: 400;\">I am the founder of the movement centre <a href=\"https:\/\/comphy.sk\" target=\"_blank\" rel=\"noopener\">Comphy<\/a> and co-founder of the company <a href=\"https:\/\/sgfitness.sk\/\" target=\"_blank\" rel=\"noopener\">SG Fitness<\/a>, closely interconnected worlds, where our ultimate goal is to create a place where the client feels safe knowing that their health is in professional, but first and foremost human hands.<\/span><\/p><p><span style=\"font-weight: 400;\">I work as a personal and online coach and physiotherapist, treating a wide range of clients: from acute post-surgical\/post-traumatic conditions, chronic pain, musculoskeletal conditions, recovery from joint replacements to sports training for elite athletes with powerlifting and bodybuilding.<\/span><\/p><p><span style=\"font-weight: 400;\">I give lectures at private and public events or college, I am engaged in the creation of educational materials in various forms as well as recording <\/span><span style=\"font-weight: 400;\">podcasts (<a href=\"https:\/\/open.spotify.com\/show\/7xEjqbKu3tmtw0i6CL5289\" target=\"_blank\" rel=\"noopener\">dumbbells and broccoli<\/a>).<\/span><\/p><p><span style=\"font-weight: 400;\">Because of my rich sporting past and associated injuries, I decided to combine movement and an endless curiosity about the human body, which led me specifically to the combination of physiotherapy and strength training. It was for this reason that I decided to create a timeless concept where we began to see physiotherapy as a much more powerful tool to truly help a person, rather than just applying physical therapy or supine exercises.<\/span><\/p><p><span style=\"font-weight: 400;\">I enjoy helping people on their journey to become stronger and healthier, drawing on evidence-based literature and years of practice, first as a personal\/online coach and later as a physiotherapist. My main passions include activities such as training, cooking, hiking, fitness, seasonal (and other) sports and cooking.<\/span><\/p>\t\t\t\t\t\t\t\t<\/div>\n\t\t\t\t<\/div>\n\t\t\t\t<\/div>\n\t\t\t\t\t<\/div>\n\t\t\t\t<\/div>\n\t\t\t\t<\/div>","protected":false},"excerpt":{"rendered":"<p>Zakladate\u013e, fyzioterapeut a coach M\u00e1te nejak\u00e9 ot\u00e1zky? Nap\u00ed\u0161te n\u00e1m Kontaktn\u00fd formul\u00e1r +421 [&hellip;]<\/p>\n","protected":false},"author":1,"featured_media":0,"parent":2197,"menu_order":0,"comment_status":"closed","ping_status":"closed","template":"elementor_header_footer","meta":{"footnotes":""},"class_list":["post-4116","page","type-page","status-publish","hentry"],"_links":{"self":[{"href":"https:\/\/comphy.sk\/en\/wp-json\/wp\/v2\/pages\/4116","targetHints":{"allow":["GET"]}}],"collection":[{"href":"https:\/\/comphy.sk\/en\/wp-json\/wp\/v2\/pages"}],"about":[{"href":"https:\/\/comphy.sk\/en\/wp-json\/wp\/v2\/types\/page"}],"author":[{"embeddable":true,"href":"https:\/\/comphy.sk\/en\/wp-json\/wp\/v2\/users\/1"}],"replies":[{"embeddable":true,"href":"https:\/\/comphy.sk\/en\/wp-json\/wp\/v2\/comments?post=4116"}],"version-history":[{"count":17,"href":"https:\/\/comphy.sk\/en\/wp-json\/wp\/v2\/pages\/4116\/revisions"}],"predecessor-version":[{"id":11145,"href":"https:\/\/comphy.sk\/en\/wp-json\/wp\/v2\/pages\/4116\/revisions\/11145"}],"up":[{"embeddable":true,"href":"https:\/\/comphy.sk\/en\/wp-json\/wp\/v2\/pages\/2197"}],"wp:attachment":[{"href":"https:\/\/comphy.sk\/en\/wp-json\/wp\/v2\/media?parent=4116"}],"curies":[{"name":"wp","href":"https:\/\/api.w.org\/{rel}","templated":true}]}}