{"id":11317,"date":"2026-03-07T19:36:37","date_gmt":"2026-03-07T18:36:37","guid":{"rendered":"https:\/\/comphy.sk\/privacy-statement-eu\/"},"modified":"2026-03-07T19:49:55","modified_gmt":"2026-03-07T18:49:55","slug":"vyhlasenie-o-ochrane-osobnych-udajov","status":"publish","type":"page","link":"https:\/\/comphy.sk\/en\/vyhlasenie-o-ochrane-osobnych-udajov\/","title":{"rendered":"Privacy Statement"},"content":{"rendered":"<p><em>This Privacy Statement was last updated on 22 June 2024 and applies to citizens and legal residents of the European Economic Area and Switzerland.<\/em><br><\/p>\n\n\n\n<p>In this privacy notice, we explain what we do with the data we collect about you through <a href=\"https:\/\/comphy.sk\">https:\/\/comphy.sk<\/a>. We encourage you to read this statement carefully. We comply with the requirements of data protection legislation in our processing. This means, among other things, that:<\/p>\n\n\n\n<ul class=\"wp-block-list\">\n<li>we clearly state the purposes for which we process personal data. We do this through this privacy statement;<\/li>\n\n\n\n<li>we aim to limit our collection of personal data to only that personal data which is necessary for legitimate purposes;<\/li>\n\n\n\n<li>we first require your explicit consent to process your personal data in cases that require your consent;<\/li>\n\n\n\n<li>we take reasonable precautions to protect your personal data and require parties who process personal data on our behalf to do so;<\/li>\n\n\n\n<li>we respect your right to access, correct or delete your personal data at your request.<\/li>\n<\/ul>\n\n\n\n<p>If you have questions or want to know exactly what data we hold about you, please contact us.<\/p>\n\n\n\n<h2 class=\"wp-block-heading\">1. Purpose, data and retention period<\/h2>\n\n\n\n<p>We may collect or receive personal information for a number of purposes related to our business operations, which may include the following: (click to expand)<\/p>\n\n\n\n<h3 class=\"wp-block-heading\">1.1 Contact - by phone, mail, email and\/or web forms<\/h3>\n\n\n\n<p>We use the following data for this purpose:<\/p>\n\n\n\n<ul class=\"wp-block-list\">\n<li>Name and surname<\/li>\n\n\n\n<li>E-mail address<\/li>\n\n\n\n<li>Phone number<\/li>\n<\/ul>\n\n\n\n<p>The basis on which we may process this data is:<\/p>\n\n\n\n<p><a target=\"_blank\" rel=\"noreferrer noopener\" href=\"https:\/\/cookiedatabase.org\/legal-bases\/#consent\">After consent has been granted.<\/a><\/p>\n\n\n\n<p>Retention period<\/p>\n\n\n\n<p>We keep this data until the service is terminated.<\/p>\n\n\n\n<h3 class=\"wp-block-heading\">1.2 To promote services or products that the customer wants to buy or has bought<\/h3>\n\n\n\n<p>We use the following data for this purpose:<\/p>\n\n\n\n<ul class=\"wp-block-list\">\n<li>Name and surname<\/li>\n\n\n\n<li>E-mail address<\/li>\n\n\n\n<li>Phone number<\/li>\n<\/ul>\n\n\n\n<p>The basis on which we may process this data is:<\/p>\n\n\n\n<p><a target=\"_blank\" rel=\"noreferrer noopener\" href=\"https:\/\/cookiedatabase.org\/legal-bases\/#consent\">After consent has been granted.<\/a><\/p>\n\n\n\n<p>Retention period<\/p>\n\n\n\n<p>We keep this data until the service is terminated.<\/p>\n\n\n\n<h2 class=\"wp-block-heading\">2. Cookies<\/h2>\n\n\n\n<p>Our website uses cookies. For more information about cookies, please see our policy <a href=\"https:\/\/comphy.sk\/zasady-pouzivania-suborov-cookie-eu\/\">Cookie <\/a>.&nbsp;<\/p>\n\n\n\n<h2 class=\"wp-block-heading\">3. Disclosure procedures<\/h2>\n\n\n\n<p>We disclose personal information when we are required by law or court order to provide information in response to a law enforcement agency, to the extent permitted by other provisions of law, or for the purpose of investigating a matter related to public safety.<\/p>\n\n\n\n<p>If our website or organization is acquired, sold, or involved in a merger or acquisition, your information may be disclosed to our advisors and potential buyers and will be transferred to the new owners.<\/p>\n\n\n\n<p>Google may not use the data for any other Google services.<\/p>\n\n\n\n<h2 class=\"wp-block-heading\">4. Security<\/h2>\n\n\n\n<p>We are committed to data security. We take reasonable precautions to limit the misuse and unauthorized access to personal information. This ensures that only necessary persons have access to your data, that access to your data is protected and that our security measures are regularly reviewed.<\/p>\n\n\n\n<h2 class=\"wp-block-heading\">5. Third party websites<\/h2>\n\n\n\n<p>This privacy statement does not apply to third-party websites linked to our website. We cannot guarantee that these third parties will treat your personal data reliably or securely. We encourage you to read the privacy statements of these websites before using them.<\/p>\n\n\n\n<h2 class=\"wp-block-heading\">6. Appendices to this privacy statement<\/h2>\n\n\n\n<p>We reserve the right to make changes to this privacy statement. We encourage you to periodically review this privacy statement to be informed of any changes. In addition, we will proactively inform you wherever possible.<\/p>\n\n\n\n<h2 class=\"wp-block-heading\">7. Access to and modification of your data<\/h2>\n\n\n\n<p>If you have questions or want to know what personal information we have about you, please contact us. You can contact us using the information below. You have the following rights:<\/p>\n\n\n\n<ul class=\"wp-block-list\">\n<li>You have the right to know why your personal data is needed, what happens to it and how long it will be kept.<\/li>\n\n\n\n<li>Right of access: you have the right to access your personal data known to us.<\/li>\n\n\n\n<li>Right to rectification: you have the right to complete, correct, delete or block your personal data at any time.<\/li>\n\n\n\n<li>If you give us consent to process your data, you have the right to withdraw this consent and delete your personal data.<\/li>\n\n\n\n<li>The right to transfer your data: you have the right to request from the controller all of your personal data and to transfer it in its entirety to the next controller.<\/li>\n\n\n\n<li>Right to object: you can object to the processing of your data. We respect this unless there are justified grounds for processing.<\/li>\n<\/ul>\n\n\n\n<p>Please make sure that you always make it clear who you are so that we can be sure that we do not edit or delete any data of the wrong person.<\/p>\n\n\n\n<h2 class=\"wp-block-heading\">8. Filing a complaint<\/h2>\n\n\n\n<p>If you are not satisfied with the way we process (complaint) the processing of your personal data, you have the right to lodge a complaint with the Data Protection Authority.<\/p>\n\n\n\n<h2 class=\"wp-block-heading\">9. Contact details<\/h2>\n\n\n\n<p>COMPHY - movement centre, s.r.o. (ID: 51286548)<br>Juraja Slottu Street 6476\/35<br>917 01 Trnava<br>Slovakia<br>Website: <a href=\"https:\/\/comphy.sk\">https:\/\/comphy.sk<\/a><br>E-mail: info@comphy.sk<br>Telephone number: +421 914 222 082<\/p>","protected":false},"excerpt":{"rendered":"<p>Toto vyhl\u00e1senie o ochrane osobn\u00fdch \u00fadajov bolo naposledy aktualizovan\u00e9 22. j\u00fan 2024 [&hellip;]<\/p>\n","protected":false},"author":1,"featured_media":0,"parent":0,"menu_order":0,"comment_status":"closed","ping_status":"closed","template":"","meta":{"footnotes":""},"class_list":["post-11317","page","type-page","status-publish","hentry"],"_links":{"self":[{"href":"https:\/\/comphy.sk\/en\/wp-json\/wp\/v2\/pages\/11317","targetHints":{"allow":["GET"]}}],"collection":[{"href":"https:\/\/comphy.sk\/en\/wp-json\/wp\/v2\/pages"}],"about":[{"href":"https:\/\/comphy.sk\/en\/wp-json\/wp\/v2\/types\/page"}],"author":[{"embeddable":true,"href":"https:\/\/comphy.sk\/en\/wp-json\/wp\/v2\/users\/1"}],"replies":[{"embeddable":true,"href":"https:\/\/comphy.sk\/en\/wp-json\/wp\/v2\/comments?post=11317"}],"version-history":[{"count":2,"href":"https:\/\/comphy.sk\/en\/wp-json\/wp\/v2\/pages\/11317\/revisions"}],"predecessor-version":[{"id":11326,"href":"https:\/\/comphy.sk\/en\/wp-json\/wp\/v2\/pages\/11317\/revisions\/11326"}],"wp:attachment":[{"href":"https:\/\/comphy.sk\/en\/wp-json\/wp\/v2\/media?parent=11317"}],"curies":[{"name":"wp","href":"https:\/\/api.w.org\/{rel}","templated":true}]}}